{"id":101,"date":"2020-08-27T20:41:26","date_gmt":"2020-08-27T18:41:26","guid":{"rendered":"http:\/\/mdkbie.cba.pl\/?page_id=101"},"modified":"2025-08-31T23:14:58","modified_gmt":"2025-08-31T21:14:58","slug":"pracownie","status":"publish","type":"page","link":"https:\/\/mdkbielany.pl\/?page_id=101","title":{"rendered":"PRACOWNIE"},"content":{"rendered":"\r\n<p><a href=\"https:\/\/mdkbielany.pl\/?page_id=65\">ARCHITEKT MARZE\u0143<\/a><br \/><a href=\"https:\/\/mdkbielany.pl\/?page_id=231\">CERAMIKA<\/a><br \/><a href=\"https:\/\/mdkbielany.pl\/?page_id=3120\">KREDK\u0104 I SZKLIWEM<\/a><br \/><a href=\"https:\/\/mdkbielany.pl\/?page_id=3596\">MA\u0141A PLASTYKA<\/a><br \/><a href=\"https:\/\/mdkbielany.pl\/?page_id=3598\">P\u0118DZLEM I D\u0141UTEM<\/a><br \/><a href=\"https:\/\/mdkbielany.pl\/?page_id=1680\">PLASTYKA PRZESTRZENNA<\/a><br \/><a href=\"https:\/\/mdkbielany.pl\/?page_id=3605\">MALARSTWO I GRAFIKA<\/a><br \/><a href=\"https:\/\/mdkbielany.pl\/?page_id=1724\">SZTUKA SZK\u0141A<\/a><br \/><a href=\"https:\/\/mdkbielany.pl\/?page_id=24\">NAUKA GRY NA PIANINIE &#8220;D\u0179WI\u0118KO\u0141APKI&#8221;<\/a><br \/><a href=\"https:\/\/mdkbielany.pl\/?page_id=1697\">NAUKA GRY NA PIANINIE &#8220;KLAWIATURKA&#8221;<\/a><br \/><a href=\"https:\/\/mdkbielany.pl\/?page_id=3606\">NAUKA GRY NA PIANINIE &#8220;W KRAINIE D\u0179WI\u0118K\u00d3W&#8221;<\/a><br \/><a href=\"https:\/\/mdkbielany.pl\/?page_id=111\">NAUKA GRY NA GITARZE KLASYCZNEJ<\/a><br \/><a href=\"https:\/\/mdkbielany.pl\/?page_id=1686\">NAUKA GRY NA SKRZYPCACH &#8220;MUZYKALNE SMYKI&#8221;<\/a><br \/><a href=\"https:\/\/mdkbielany.pl\/?page_id=1678\">STUDIO PIOSENKI &#8220;PE\u0141NA SKALA&#8221;<\/a><br \/><a href=\"https:\/\/mdkbielany.pl\/?page_id=2678\">&#8220;CH\u00d3R GREGORIANUM&#8221;<\/a><br \/><a href=\"https:\/\/mdkbielany.pl\/?page_id=2677\">&#8220;\u015aPIEWAJ Z NAMI&#8221;<\/a><br \/><a href=\"https:\/\/mdkbielany.pl\/?page_id=348\">WARSZTATY TEATRALNE<\/a><br \/><a href=\"https:\/\/mdkbielany.pl\/?page_id=235\">ZAJ\u0118CIA TANECZNE<\/a><br \/><a href=\"https:\/\/mdkbielany.pl\/?page_id=49\">GRAFIKA KOMPUTEROWA<\/a><br \/><a href=\"https:\/\/mdkbielany.pl\/?page_id=62\">J\u0118ZYK NIEMIECKI<\/a><br \/><a href=\"https:\/\/mdkbielany.pl\/?page_id=3607\">WOLONTARIAT<\/a><br \/><br \/><\/p>\r\n\r\n<div id=\"tve_overlay_dhcnhhceeanddoknlekcjhpmhbaogmkp\" style=\"position: fixed; width: 100%; height: 100%; inset: 0; background-color: rgba(0, 0, 0, 0.3); z-index: 9999999; cursor: pointer; display: none;\">\u00a0<\/div>","protected":false},"excerpt":{"rendered":"<p>ARCHITEKT MARZE\u0143CERAMIKAKREDK\u0104 I SZKLIWEMMA\u0141A PLASTYKAP\u0118DZLEM I D\u0141UTEMPLASTYKA PRZESTRZENNAMALARSTWO I GRAFIKASZTUKA SZK\u0141ANAUKA GRY NA PIANINIE &#8220;D\u0179WI\u0118KO\u0141APKI&#8221;NAUKA GRY NA PIANINIE &#8220;KLAWIATURKA&#8221;NAUKA GRY NA PIANINIE &#8220;W KRAINIE D\u0179WI\u0118K\u00d3W&#8221;NAUKA GRY NA GITARZE KLASYCZNEJNAUKA GRY NA SKRZYPCACH &#8220;MUZYKALNE SMYKI&#8221;STUDIO PIOSENKI &#8220;PE\u0141NA SKALA&#8221;&#8220;CH\u00d3R GREGORIANUM&#8221;&#8220;\u015aPIEWAJ Z NAMI&#8221;WARSZTATY TEATRALNEZAJ\u0118CIA TANECZNEGRAFIKA KOMPUTEROWAJ\u0118ZYK NIEMIECKIWOLONTARIAT \u00a0<\/p>\n","protected":false},"author":1,"featured_media":0,"parent":0,"menu_order":0,"comment_status":"closed","ping_status":"closed","template":"","meta":{"footnotes":""},"class_list":["post-101","page","type-page","status-publish","hentry"],"_links":{"self":[{"href":"https:\/\/mdkbielany.pl\/index.php?rest_route=\/wp\/v2\/pages\/101","targetHints":{"allow":["GET"]}}],"collection":[{"href":"https:\/\/mdkbielany.pl\/index.php?rest_route=\/wp\/v2\/pages"}],"about":[{"href":"https:\/\/mdkbielany.pl\/index.php?rest_route=\/wp\/v2\/types\/page"}],"author":[{"embeddable":true,"href":"https:\/\/mdkbielany.pl\/index.php?rest_route=\/wp\/v2\/users\/1"}],"replies":[{"embeddable":true,"href":"https:\/\/mdkbielany.pl\/index.php?rest_route=%2Fwp%2Fv2%2Fcomments&post=101"}],"version-history":[{"count":8,"href":"https:\/\/mdkbielany.pl\/index.php?rest_route=\/wp\/v2\/pages\/101\/revisions"}],"predecessor-version":[{"id":1672,"href":"https:\/\/mdkbielany.pl\/index.php?rest_route=\/wp\/v2\/pages\/101\/revisions\/1672"}],"wp:attachment":[{"href":"https:\/\/mdkbielany.pl\/index.php?rest_route=%2Fwp%2Fv2%2Fmedia&parent=101"}],"curies":[{"name":"wp","href":"https:\/\/api.w.org\/{rel}","templated":true}]}}