{"id":1892,"date":"2021-12-01T21:32:28","date_gmt":"2021-12-01T20:32:28","guid":{"rendered":"https:\/\/mdkbielany.pl\/?page_id=1892"},"modified":"2021-12-01T21:53:12","modified_gmt":"2021-12-01T20:53:12","slug":"regulamin-rady-rodzicow","status":"publish","type":"page","link":"https:\/\/mdkbielany.pl\/?page_id=1892","title":{"rendered":"REGULAMIN RADY RODZIC\u00d3W"},"content":{"rendered":"<p><a href=\"https:\/\/mdkbielany.pl\/regulaminradyrodzicow.doc\">Regulamin Rady Rodzic\u00f3w (plik do pobrania w formacie doc)<\/a><\/p>\n<p><a href=\"https:\/\/mdkbielany.pl\/regulaminradyrodzicow.pdf\">Regulamin Rady Rodzic\u00f3w (plik do pobrania w formacie pdf)<\/a><\/p>\n<h4><strong>REGULAMIN RADY RODZIC\u00d3W W M\u0141ODZIE\u017bOWYM DOMU KULTURY \u201eBIELANY\u201d<\/strong><\/h4>\n<p><strong>I. Postanowienia og\u00f3lne<\/strong><br \/>\n1. Regulamin okre\u015bla cele, zadania i organizacj\u0119 Rady Rodzic\u00f3w w M\u0142odzie\u017cowym Domu Kultury \u201eBielany\u201d.<br \/>\n2. Rada Rodzic\u00f3w, zwana dalej Rad\u0105, jest organem wewn\u0119trznym, stanowi spo\u0142eczny organ opiniodawczy i doradczy MDK \u201eBielany\u201d.<br \/>\n3. Rada Rodzic\u00f3w pos\u0142uguje si\u0119 piecz\u0105tk\u0105 o tre\u015bci:<br \/>\nRada Rodzic\u00f3w przy M\u0142odzie\u017cowym Domu Kultury \u201eBielany\u201d; 01-809 Warszawa ul. Ceg\u0142owska 39, tel.(22) 834-13-47<\/p>\n<p><strong>II. Cele i zadania Rady Rodzic\u00f3w<\/strong><br \/>\n1. Celem dzia\u0142ania Rady Rodzic\u00f3w jest w szczeg\u00f3lno\u015bci:<br \/>\na\/ wsp\u00f3\u0142praca rodzic\u00f3w z nauczycielami w pracy dydaktycznej wychowawczej i opieku\u0144czej w MDK \u201eBielany\u201d i \u015brodowisku,<br \/>\nb\/ przedstawianie nauczycielom, dyrektorowi i w\u0142adzom o\u015bwiatowym opinii rodzic\u00f3w \/opiekun\u00f3w\/ we wszystkich istotnych sprawach dla MDK \u201eBielany\u201d,<br \/>\nc\/ wspieranie dzia\u0142alno\u015bci statutowej MDK \u201eBielany\u201d m.in. przez gromadzenie funduszy z dobrowolnych sk\u0142adek rodzic\u00f3w oraz innych \u017ar\u00f3de\u0142.<br \/>\n2.Podstawowe zadania wynikaj\u0105 z okre\u015blonych wy\u017cej cel\u00f3w, nale\u017c\u0105 do nich:<br \/>\na\/ wsp\u00f3\u0142udzia\u0142 w realizacji zada\u0144 okre\u015blonych w statucie plac\u00f3wki,<br \/>\nb\/ wsp\u00f3\u0142praca z dyrektorem i nauczycielami dotycz\u0105ca podejmowania dzia\u0142a\u0144 s\u0142u\u017c\u0105cych podnoszeniu jako\u015bci pracy w MDK \u201eBielany\u201d,<br \/>\nc\/ wsp\u00f3\u0142praca rodzic\u00f3w i pracownik\u00f3w MDK \u201eBielany\u201d w rozszerzaniu i pog\u0142\u0119bianiu oddzia\u0142ywa\u0144 wychowawczych wobec wychowank\u00f3w,<br \/>\nd\/ uchwalanie w porozumieniu z Rada Pedagogiczn\u0105: programu wychowawczego oraz programu profilaktyki,<br \/>\ne\/ opiniowanie planu finansowego plac\u00f3wki,<br \/>\nf\/ organizowanie rodzic\u00f3w i \u015brodowiska spo\u0142ecznego do realizacji programu rozwoju MDK \u201eBielany\u201d,<br \/>\ng\/ uchwalanie regulaminu Rady Rodzic\u00f3w.<\/p>\n<p><strong>III. Sk\u0142ad i struktura Rady Rodzic\u00f3w<\/strong><br \/>\n1. Rada Rodzic\u00f3w powstaje z reprezentant\u00f3w rodzic\u00f3w wy\u0142onionych na zebraniu og\u00f3lnym rodzic\u00f3w \/co najmniej 7 os\u00f3b\/.<br \/>\n2. Rada Rodzic\u00f3w wybiera ze swego grona prezydium &#8211; w sk\u0142ad prezydium wchodz\u0105 z urz\u0119du: przewodnicz\u0105cy, zast\u0119pca przewodnicz\u0105cego, skarbnik, sekretarz.<br \/>\n3. Rada Rodzic\u00f3w posiada komisj\u0119 rewizyjn\u0105 w liczbie 2 cz\u0142onk\u00f3w.<br \/>\n4. Cz\u0142onkowie Rady Rodzic\u00f3w pe\u0142ni\u0105 swoje funkcje spo\u0142ecznie.<\/p>\n<p><strong>IV. Organizacja pracy<\/strong><br \/>\n1. Rada wykonuje swoje zadania zgodnie z zatwierdzonym regulaminem, planem i terminarzem spotka\u0144.<br \/>\n2. Posiedzenia Rady odbywaj\u0105 si\u0119 przynajmniej 1 raz w semestrze.<br \/>\n3. Posiedzenia zwo\u0142ywane s\u0105 z inicjatywy prezydium Rady poprzez og\u0142oszenie terminu i miejsca spotkania na tablicy og\u0142osze\u0144 w holu MDK \u201eBielany\u201d<br \/>\n4. W posiedzeniach Rady mo\u017ce bra\u0107 udzia\u0142 z g\u0142osem doradczym dyrektor lub upowa\u017cniony przez niego cz\u0142onek rady pedagogicznej.<br \/>\n5. Do udzia\u0142u w posiedzeniach Rady mog\u0105 by\u0107 zapraszane przez przewodnicz\u0105cego inne osoby, za zgod\u0105 lub na wniosek Rady z g\u0142osem doradczym.<\/p>\n<p><strong>V. Tryb podejmowania uchwa\u0142<\/strong><br \/>\n1. Uchwa\u0142y zapadaj\u0105 wi\u0119kszo\u015bci\u0105 g\u0142os\u00f3w oddanych.<br \/>\n2. Uchwa\u0142y Rady w sprawie przyj\u0119cia regulaminu lub zmiany jego tre\u015bci zapadaj\u0105 wi\u0119kszo\u015bci\u0105 2\/3 g\u0142os\u00f3w oddanych.<br \/>\n3. Wysoko\u015b\u0107 miesi\u0119cznej, dobrowolnej sk\u0142adki na komitet ustala si\u0119 wi\u0119kszo\u015bci\u0105 2\/3 g\u0142os\u00f3w oddanych na zebraniu og\u00f3lnym rodzic\u00f3w.<\/p>\n<p><strong>VI. Spos\u00f3b dokumentowania posiedze\u0144<\/strong><br \/>\n1. Zebrania Rady s\u0105 protoko\u0142owane przez sekretarza i stanowi\u0105 dokumentacj\u0119 RR przechowywan\u0105 w sekretariacie plac\u00f3wki.<br \/>\n2. Protok\u00f3\u0142 z zebrania sporz\u0105dzany jest w przeci\u0105gu 7 dni. Protok\u00f3\u0142 podpisuje przewodnicz\u0105cy i protokolant.<br \/>\n3. Cz\u0142onkowie komitetu s\u0105 zobowi\u0105zani do zapoznania si\u0119 z jego tre\u015bci\u0105 w terminie 14 dni od sporz\u0105dzenia i zg\u0142oszenia ewentualnych poprawek przewodnicz\u0105cemu. Na kolejnym spotkaniu Rada zdecyduje o ich wprowadzeniu.<\/p>\n<p><strong>VII. Zadania poszczeg\u00f3lnych cz\u0142onk\u00f3w prezydium<\/strong><br \/>\n1. Zadaniem przewodnicz\u0105cego jest kierowanie ca\u0142okszta\u0142tem zada\u0144, a w szczeg\u00f3lno\u015bci:<br \/>\nopracowanie projektu planu dzia\u0142alno\u015bci i planu finansowego na dany rok i przedstawienie go do zatwierdzenia, kierowanie dzia\u0142alno\u015bci\u0105 finansowo-gospodarcz\u0105, wsp\u00f3\u0142dzia\u0142anie ze wszystkimi cz\u0142onkami, zwo\u0142ywanie i prowadzenie zebra\u0144 nie rzadziej ni\u017c 1 raz w semestrze, przekazywanie opinii i postulat\u00f3w wobec dyrektora MDK \u201eBielany\u201d i rady pedagogicznej, reprezentowanie Rady rodzic\u00f3w na zewn\u0105trz.<br \/>\n2. Zadaniem skarbnika jest prowadzenie ca\u0142okszta\u0142tu dzia\u0142alno\u015bci finansowo- gospodarczej, a w szczeg\u00f3lno\u015bci wype\u0142nianie obowi\u0105zk\u00f3w okre\u015blonych przepisami prowadzenia gospodarki finansowej i rachunkowo\u015bci.<br \/>\n3. Zadaniem komisji rewizyjnej jest czuwanie nad zgodno\u015bci\u0105 dzia\u0142alno\u015bci poszczeg\u00f3lnych ogniw z obowi\u0105zuj\u0105cymi przepisami,<br \/>\na w szczeg\u00f3lno\u015bci:<br \/>\nkontrolowanie dzia\u0142alno\u015bci w zakresie zgodno\u015bci z przepisami regulaminu i uchwa\u0142ami Rady Rodzic\u00f3w,<br \/>\nkontrolowanie raz na p\u00f3\u0142 roku dzia\u0142alno\u015bci finansowo-gospodarczej w zakresie zgodno\u015bci z przepisami dotycz\u0105cymi zasad prowadzenia gospodarki finansowej i rachunkowo\u015bci,<\/p>\n<p><strong>VIII. Zasady dzia\u0142alno\u015bci finansowo-gospodarczej<\/strong><br \/>\n1. Rada Rodzic\u00f3w mo\u017ce gromadzi\u0107 fundusze z dobrowolnych sk\u0142adek rodzic\u00f3w oraz dobrowolnych wp\u0142at os\u00f3b prawnych i fizycznych.<br \/>\n2. Rodzice mog\u0105 zadeklarowa\u0107 r\u00f3wnowa\u017cne sk\u0142adce \u015bwiadczenia w naturze lub roboci\u017anie.<br \/>\n4. Przewodnicz\u0105cy Rady Rodzic\u00f3w mo\u017ce zwolni\u0107 okre\u015blonych rodzic\u00f3w z wnoszenia cz\u0119\u015bci lub ca\u0142o\u015bci sk\u0142adki.<br \/>\n4. Dokumentacj\u0119 i ewidencj\u0119 wp\u0142yw\u00f3w i wydatk\u00f3w z funduszy Rady prowadzi skarbnik .<br \/>\n5. Wp\u0142aty na fundusz Rady zbierane s\u0105 i dokumentowane na kwitariuszach wp\u0142yw\u00f3w kasowych i listach zbiorczych wp\u0142yw\u00f3w z poszczeg\u00f3lnych zaj\u0119\u0107.<br \/>\n6. Rada Rodzic\u00f3w mo\u017ce zleci\u0107 zbieranie sk\u0142adek, a tak\u017ce prowadzenie ca\u0142okszta\u0142tu dzia\u0142alno\u015bci finansowej komitetu wyznaczonym osobom na podstawie zawartych um\u00f3w.<br \/>\n7. Wydatki z funduszu Rady dokonywane s\u0105 w my\u015bl decyzji Rady i realizowane na podstawie rachunk\u00f3w i dokument\u00f3w zatwierdzonych przez przewodnicz\u0105cego Rady Rodzic\u00f3w i dyrektora plac\u00f3wki.<br \/>\n8. \u015arodki , o kt\u00f3rych mowa w pkt.1 przeznaczone s\u0105 na realizacj\u0119 zada\u0144 Rady Rodzic\u00f3w, okre\u015blonych w regulaminie.<br \/>\n9. Rada Rodzic\u00f3w upowa\u017cnia dyrektora MDK \u201eBielany\u201d do dysponowana pewn\u0105 kwot\u0105 tzw. \u201epogotowiem kasowym \u201d. Wysoko\u015b\u0107 tej kwoty zostaje ustalona na pierwszym spotkaniu komitetu w danym roku szkolnym.<\/p>\n<p><strong>IX. Postanowienia ko\u0144cowe<\/strong><br \/>\n1. Dzia\u0142alno\u015b\u0107 Rady Rodzic\u00f3w powinna by\u0107 zgodna z obowi\u0105zuj\u0105cym prawem.<br \/>\n2. Je\u017celi uchwa\u0142y i inne decyzje s\u0105 sprzeczne z obowi\u0105zuj\u0105cym prawem lub interesem MDK \u201eBielany\u201d \u2013 dyrektor zawiesza ich wykonanie.<br \/>\n3. Kadencja Rady Rodzic\u00f3w trwa 2 lata.<br \/>\n4. Cz\u0142onkowie niewywi\u0105zuj\u0105cy si\u0119 z na\u0142o\u017conych na nich obowi\u0105zk\u00f3w mog\u0105 zosta\u0107 odwo\u0142ani przed up\u0142ywem kadencji przez og\u00f3lne zebranie rodzic\u00f3w, na kt\u00f3rym zostan\u0105 wybrani ich nast\u0119pcy.<br \/>\n5. Ust\u0119puj\u0105ca Rada Rodzic\u00f3w dzia\u0142a do chwili wyboru i ukonstytuowania si\u0119 nowego, co powinno nast\u0105pi\u0107 nie p\u00f3\u017aniej ni\u017c po 2 tygodniach po odbyciu og\u00f3lnego zebrania rodzic\u00f3w.<br \/>\n6. Niniejszy regulamin wchodzi w \u017cycie z dniem uchwalenia.<\/p>\n<p>Zmiany wprowadzone na podstawie Ustawy z dnia 11 kwietnia 2007r. o zmianie ustawy o systemie o\u015bwiaty.<\/p>\n<p>&nbsp;<\/p>\n","protected":false},"excerpt":{"rendered":"<p>Regulamin Rady Rodzic\u00f3w (plik do pobrania w formacie doc) Regulamin Rady Rodzic\u00f3w (plik do pobrania w formacie pdf) REGULAMIN RADY RODZIC\u00d3W W M\u0141ODZIE\u017bOWYM DOMU KULTURY \u201eBIELANY\u201d I. Postanowienia og\u00f3lne 1. Regulamin okre\u015bla cele, zadania i organizacj\u0119 Rady Rodzic\u00f3w w M\u0142odzie\u017cowym Domu Kultury \u201eBielany\u201d. 2. Rada Rodzic\u00f3w, zwana dalej Rad\u0105, jest organem wewn\u0119trznym, stanowi spo\u0142eczny organ [&hellip;]<\/p>\n","protected":false},"author":1,"featured_media":0,"parent":0,"menu_order":0,"comment_status":"closed","ping_status":"closed","template":"","meta":{"footnotes":""},"class_list":["post-1892","page","type-page","status-publish","hentry"],"_links":{"self":[{"href":"https:\/\/mdkbielany.pl\/index.php?rest_route=\/wp\/v2\/pages\/1892","targetHints":{"allow":["GET"]}}],"collection":[{"href":"https:\/\/mdkbielany.pl\/index.php?rest_route=\/wp\/v2\/pages"}],"about":[{"href":"https:\/\/mdkbielany.pl\/index.php?rest_route=\/wp\/v2\/types\/page"}],"author":[{"embeddable":true,"href":"https:\/\/mdkbielany.pl\/index.php?rest_route=\/wp\/v2\/users\/1"}],"replies":[{"embeddable":true,"href":"https:\/\/mdkbielany.pl\/index.php?rest_route=%2Fwp%2Fv2%2Fcomments&post=1892"}],"version-history":[{"count":4,"href":"https:\/\/mdkbielany.pl\/index.php?rest_route=\/wp\/v2\/pages\/1892\/revisions"}],"predecessor-version":[{"id":1898,"href":"https:\/\/mdkbielany.pl\/index.php?rest_route=\/wp\/v2\/pages\/1892\/revisions\/1898"}],"wp:attachment":[{"href":"https:\/\/mdkbielany.pl\/index.php?rest_route=%2Fwp%2Fv2%2Fmedia&parent=1892"}],"curies":[{"name":"wp","href":"https:\/\/api.w.org\/{rel}","templated":true}]}}