{"id":2090,"date":"2022-03-20T13:01:59","date_gmt":"2022-03-20T12:01:59","guid":{"rendered":"https:\/\/mdkbielany.pl\/?page_id=2090"},"modified":"2022-09-29T13:14:29","modified_gmt":"2022-09-29T11:14:29","slug":"%d0%be%d1%81%d0%b2%d1%96%d1%82%d0%b0-%d0%b2%d0%b0%d1%80%d1%88%d0%b0%d0%b2%d0%b0-%d0%b4%d0%bb%d1%8f-%d1%83%d0%ba%d1%80%d0%b0%d1%97%d0%bd%d0%b8-edukacja-warszawa-dla-ukrainy","status":"publish","type":"page","link":"https:\/\/mdkbielany.pl\/?page_id=2090","title":{"rendered":"\u041e\u0441\u0432\u0456\u0442\u0430: \u0412\u0430\u0440\u0448\u0430\u0432\u0430 \u0434\u043b\u044f \u0423\u043a\u0440\u0430\u0457\u043d\u0438 Edukacja: Warszawa dla Ukrainy"},"content":{"rendered":"<h4>Szanowni Pa\u0144stwo!<br \/>\nBiuro Edukacji Urz\u0119du m.st. Warszawy stworzy\u0142o specjalny materia\u0142, w kt\u00f3rym przekazywane b\u0119d\u0105 najwa\u017cniejsze informacje, zwi\u0105zane z obecno\u015bci\u0105 w sto\u0142ecznych przedszkolach, szko\u0142ach i plac\u00f3wkach dzieci i m\u0142odzie\u017cy z ogarni\u0119tej wojn\u0105 Ukrainy. Jest ich ju\u017c blisko 8,7 tys. i liczba ta stale ro\u015bnie.<\/h4>\n<p><strong>Poni\u017cej zebrali\u015bmy niezb\u0119dn\u0105 wiedz\u0119, kt\u00f3ra u\u0142atwi Pa\u0144stwu poznanie aktualnej sytuacji prawnej uchod\u017aczych rodzin i zorganizowania im jak najlepszej edukacji, pomocy czy opieki w tym traumatycznym czasie. Materia\u0142 kierujemy do Pa\u0144stwa za po\u015brednictwem naczelnik\u00f3w dzielnicowych Wydzia\u0142\u00f3w ds. O\u015bwiaty i Wychowania oraz sekretariat\u00f3w szk\u00f3\u0142, z pro\u015bb\u0105 o szerokie upowszechnianie. W kolejnych numerach znajd\u0105 si\u0119 informacje o zmianach w prawie i dalsze pomocne materia\u0142y.<\/strong><\/p>\n<h5><a href=\"https:\/\/mdkbielany.pl\/edu_dla_ukrainy_numer1.pdf\">Materia\u0142y do pobrania\/wy\u015bwietlania w formacie pdf<\/a><\/h5>\n","protected":false},"excerpt":{"rendered":"<p>Szanowni Pa\u0144stwo! Biuro Edukacji Urz\u0119du m.st. Warszawy stworzy\u0142o specjalny materia\u0142, w kt\u00f3rym przekazywane b\u0119d\u0105 najwa\u017cniejsze informacje, zwi\u0105zane z obecno\u015bci\u0105 w sto\u0142ecznych przedszkolach, szko\u0142ach i plac\u00f3wkach dzieci i m\u0142odzie\u017cy z ogarni\u0119tej wojn\u0105 Ukrainy. Jest ich ju\u017c blisko 8,7 tys. i liczba ta stale ro\u015bnie. Poni\u017cej zebrali\u015bmy niezb\u0119dn\u0105 wiedz\u0119, kt\u00f3ra u\u0142atwi Pa\u0144stwu poznanie aktualnej sytuacji prawnej uchod\u017aczych [&hellip;]<\/p>\n","protected":false},"author":1,"featured_media":0,"parent":0,"menu_order":0,"comment_status":"closed","ping_status":"closed","template":"","meta":{"footnotes":""},"class_list":["post-2090","page","type-page","status-publish","hentry"],"_links":{"self":[{"href":"https:\/\/mdkbielany.pl\/index.php?rest_route=\/wp\/v2\/pages\/2090","targetHints":{"allow":["GET"]}}],"collection":[{"href":"https:\/\/mdkbielany.pl\/index.php?rest_route=\/wp\/v2\/pages"}],"about":[{"href":"https:\/\/mdkbielany.pl\/index.php?rest_route=\/wp\/v2\/types\/page"}],"author":[{"embeddable":true,"href":"https:\/\/mdkbielany.pl\/index.php?rest_route=\/wp\/v2\/users\/1"}],"replies":[{"embeddable":true,"href":"https:\/\/mdkbielany.pl\/index.php?rest_route=%2Fwp%2Fv2%2Fcomments&post=2090"}],"version-history":[{"count":4,"href":"https:\/\/mdkbielany.pl\/index.php?rest_route=\/wp\/v2\/pages\/2090\/revisions"}],"predecessor-version":[{"id":2338,"href":"https:\/\/mdkbielany.pl\/index.php?rest_route=\/wp\/v2\/pages\/2090\/revisions\/2338"}],"wp:attachment":[{"href":"https:\/\/mdkbielany.pl\/index.php?rest_route=%2Fwp%2Fv2%2Fmedia&parent=2090"}],"curies":[{"name":"wp","href":"https:\/\/api.w.org\/{rel}","templated":true}]}}