{"id":2611,"date":"2023-05-30T12:44:40","date_gmt":"2023-05-30T10:44:40","guid":{"rendered":"https:\/\/mdkbielany.pl\/?page_id=2611"},"modified":"2023-05-30T12:57:57","modified_gmt":"2023-05-30T10:57:57","slug":"zalecenia-dotyczace-bezpieczenstwa-i-ochrony-dzieci-przed-przemoca","status":"publish","type":"page","link":"https:\/\/mdkbielany.pl\/?page_id=2611","title":{"rendered":"Zalecenia dotycz\u0105ce bezpiecze\u0144stwa i ochrony dzieci przed przemoc\u0105"},"content":{"rendered":"<p><a href=\"https:\/\/mdkbielany.pl\/zalecenia.pdf\">Zalecenia dotycz\u0105ce bezpiecze\u0144stwa i ochrony dzieci przed przemoc\u0105 &#8211; dokument w formacie pdf.<\/a><\/p>\n","protected":false},"excerpt":{"rendered":"<p>Zalecenia dotycz\u0105ce bezpiecze\u0144stwa i ochrony dzieci przed przemoc\u0105 &#8211; dokument w formacie pdf.<\/p>\n","protected":false},"author":1,"featured_media":0,"parent":0,"menu_order":0,"comment_status":"closed","ping_status":"closed","template":"","meta":{"footnotes":""},"class_list":["post-2611","page","type-page","status-publish","hentry"],"_links":{"self":[{"href":"https:\/\/mdkbielany.pl\/index.php?rest_route=\/wp\/v2\/pages\/2611","targetHints":{"allow":["GET"]}}],"collection":[{"href":"https:\/\/mdkbielany.pl\/index.php?rest_route=\/wp\/v2\/pages"}],"about":[{"href":"https:\/\/mdkbielany.pl\/index.php?rest_route=\/wp\/v2\/types\/page"}],"author":[{"embeddable":true,"href":"https:\/\/mdkbielany.pl\/index.php?rest_route=\/wp\/v2\/users\/1"}],"replies":[{"embeddable":true,"href":"https:\/\/mdkbielany.pl\/index.php?rest_route=%2Fwp%2Fv2%2Fcomments&post=2611"}],"version-history":[{"count":6,"href":"https:\/\/mdkbielany.pl\/index.php?rest_route=\/wp\/v2\/pages\/2611\/revisions"}],"predecessor-version":[{"id":2620,"href":"https:\/\/mdkbielany.pl\/index.php?rest_route=\/wp\/v2\/pages\/2611\/revisions\/2620"}],"wp:attachment":[{"href":"https:\/\/mdkbielany.pl\/index.php?rest_route=%2Fwp%2Fv2%2Fmedia&parent=2611"}],"curies":[{"name":"wp","href":"https:\/\/api.w.org\/{rel}","templated":true}]}}