{"id":265,"date":"2020-09-15T11:13:58","date_gmt":"2020-09-15T09:13:58","guid":{"rendered":"http:\/\/mdkbie.cba.pl\/?page_id=265"},"modified":"2022-09-29T14:00:09","modified_gmt":"2022-09-29T12:00:09","slug":"zarzadzenie-dyr-mdk-nr-1-2020","status":"publish","type":"page","link":"https:\/\/mdkbielany.pl\/?page_id=265","title":{"rendered":"ZARZ\u0104DZENIE DYR. MDK NR 5\/2022"},"content":{"rendered":"\r\n\r\n\r\n<p><a href=\"https:\/\/mdkbielany.pl\/zarzadzenie5-2022.pdf\">Zarz\u0105dzenie nr 5\/2022 (<\/a><a href=\"http:\/\/mdkbielany.pl\/rekrutacja_2020.doc\">plik do pobrania w formacie pdf)<\/a><\/p>\r\n\r\n\r\n\r\n<p><strong>Zarz\u0105dzenie nr 5\/2022<br \/>Dyrektora M\u0142odzie\u017cowego Domu Kultury \u201eBielany\u201d<br \/>z dnia 28 kwietnia 2022 r.<\/strong><br \/><br \/>w sprawie zasad post\u0119powania rekrutacyjnego na zaj\u0119cia rozwijaj\u0105ce<br \/>uzdolnienia i zainteresowania organizowane w plac\u00f3wce w roku szkolnym<br \/>2022\/2023<br \/><br \/>Podstawa prawna: ustawa z dnia 16 grudnia 2016 r. Prawo o\u015bwiatowe (Dz. U. z 2017 r. poz.59)- Rozdzia\u0142 6<br \/>\u201ePrzyjmowanie do publicznych przedszkoli, publicznych form wychowania przedszkolnego, publicznych szk\u00f3\u0142 i publicznych plac\u00f3wek\u201d, a w szczeg\u00f3lno\u015bci na podstawie art.144 tej\u017ce ustawy oraz na podstawie zasad uzgodnionych przez Biuro Edukacji m.st. Warszawy z dyrektorami plac\u00f3wek o\u015bwiatowo-wychowawczych; <br \/>zarz\u0105dza si\u0119, co nast\u0119puje:<\/p>\r\n<p>1<br \/>Rekrutacja na rok szkolny 2022\/23 na wolne miejsca w publicznych plac\u00f3wkach o\u015bwiatowo-wychowawczych prowadzona jest tak, jak w ubieg\u0142ych latach, przy wsparciu elektronicznego systemu rekrutacji poprzez stron\u0119: warszawa-pozaszkolne.pzo.edu.pl<\/p>\r\n<p>2<br \/>Rekrutacja przebiega wed\u0142ug ustalonego harmonogramu \/za\u0142\u0105cznik nr 1\/<\/p>\r\n<p>3<br \/>Oferta zaj\u0119\u0107 edukacyjnych rozwijaj\u0105cych zainteresowania i zaj\u0119\u0107 rozwijaj\u0105cych uzdolnienia<br \/>skierowana jest do kandydat\u00f3w indywidualnych w wieku 6-23 lat.<\/p>\r\n<p>4<br \/>Wymagane dokumenty:<br \/>a. wype\u0142niona, wydrukowana z systemu i podpisana deklaracja o kontynuacji zaj\u0119\u0107<br \/>w roku szk. 2022\/23,<br \/>b. wype\u0142niony, wydrukowany z systemu i podpisany wniosek od nowych kandydat\u00f3w<br \/>zamieszka\u0142ych w Warszawie,<br \/>c. dokumenty potwierdzaj\u0105ce spe\u0142nienie przez kandydata zaznaczonych we wniosku<br \/>kryteri\u00f3w.<\/p>\r\n<p>5<br \/>Prawid\u0142owo wype\u0142nione i potwierdzone wymaganymi podpisami deklaracje lub wnioski oraz<br \/>dokumenty po\u015bwiadczaj\u0105ce spe\u0142nienie przez kandydata zaznaczonych we wniosku kryteri\u00f3w,<br \/>nale\u017cy zeskanowa\u0107 lub sfotografowa\u0107 i przes\u0142a\u0107 na adres mailowy MDK \u201eBielany\u201d:<br \/>mdkbie@edu.um.warszawa.pl w nieprzekraczalnym terminie okre\u015blonym w harmonogramie<br \/>rekrutacji.<\/p>\r\n<p>6<br \/>Post\u0119powanie rekrutacyjne prowadzone jest na wniosek rodzica\/prawnego opiekuna<br \/>kandydata lub na wniosek kandydata pe\u0142noletniego.<\/p>\r\n<p>7<br \/>Wyniki rekrutacji \u2013 listy kandydat\u00f3w przyj\u0119tych i nieprzyj\u0119tych &#8211; zostan\u0105 opublikowane<br \/>23 czerwca 2022 r. o godz. 12.00 w holu MDK \u201eBielany\u201d oraz w elektronicznym systemie<br \/>rekrutacji po zalogowaniu si\u0119 pod adresem: warszawapozaszkolne.pzo.edu.pl.<\/p>\r\n<p>8<br \/>Wyniki rekrutacji uzupe\u0142niaj\u0105cej na wolne miejsca, zostan\u0105 og\u0142oszone 30 sierpnia o godzinie<br \/>16.00 w holu MDK \u201eBielany oraz w elektronicznym systemie rekrutacji po zalogowaniu si\u0119 pod<br \/>adresem: warszawa-pozaszkolne.pzo.edu.pl.<\/p>\r\n<p>9<br \/>Rekrutacja uzupe\u0142niaj\u0105ca odbywa si\u0119 wed\u0142ug takich samych zasad, jak rekrutacja j\u0105<br \/>poprzedzaj\u0105ca.<\/p>\r\n<p>10<br \/>Je\u017celi po przeprowadzeniu rekrutacji uzupe\u0142niaj\u0105cej, po rozpocz\u0119ciu roku szkolnego pozosta\u0142y<br \/>wolne miejsca w grupie zaj\u0119ciowej, w stosunku do kolejnych kandydat\u00f3w nie stosuje si\u0119 zasad<br \/>rekrutacji. O przyj\u0119ciu na wolne miejsca do grupy zaj\u0119ciowej decyduje dyrektor MDK \u201eBielany\u201d.<\/p>\r\n<p>11<br \/>Zarz\u0105dzenie wchodzi z dniem og\u0142oszenia.<\/p>\r\n\r\n<div id=\"tve_overlay_dhcnhhceeanddoknlekcjhpmhbaogmkp\" style=\"position: fixed; width: 100%; height: 100%; inset: 0; background-color: rgba(0, 0, 0, 0.3); z-index: 9999999; cursor: pointer; display: none;\">\u00a0<\/div>","protected":false},"excerpt":{"rendered":"<p>Zarz\u0105dzenie nr 5\/2022 (plik do pobrania w formacie pdf) Zarz\u0105dzenie nr 5\/2022Dyrektora M\u0142odzie\u017cowego Domu Kultury \u201eBielany\u201dz dnia 28 kwietnia 2022 r. w sprawie zasad post\u0119powania rekrutacyjnego na zaj\u0119cia rozwijaj\u0105ceuzdolnienia i zainteresowania organizowane w plac\u00f3wce w roku szkolnym2022\/2023 Podstawa prawna: ustawa z dnia 16 grudnia 2016 r. Prawo o\u015bwiatowe (Dz. U. z 2017 r. poz.59)- Rozdzia\u0142 [&hellip;]<\/p>\n","protected":false},"author":1,"featured_media":0,"parent":0,"menu_order":0,"comment_status":"closed","ping_status":"closed","template":"","meta":{"footnotes":""},"class_list":["post-265","page","type-page","status-publish","hentry"],"_links":{"self":[{"href":"https:\/\/mdkbielany.pl\/index.php?rest_route=\/wp\/v2\/pages\/265","targetHints":{"allow":["GET"]}}],"collection":[{"href":"https:\/\/mdkbielany.pl\/index.php?rest_route=\/wp\/v2\/pages"}],"about":[{"href":"https:\/\/mdkbielany.pl\/index.php?rest_route=\/wp\/v2\/types\/page"}],"author":[{"embeddable":true,"href":"https:\/\/mdkbielany.pl\/index.php?rest_route=\/wp\/v2\/users\/1"}],"replies":[{"embeddable":true,"href":"https:\/\/mdkbielany.pl\/index.php?rest_route=%2Fwp%2Fv2%2Fcomments&post=265"}],"version-history":[{"count":10,"href":"https:\/\/mdkbielany.pl\/index.php?rest_route=\/wp\/v2\/pages\/265\/revisions"}],"predecessor-version":[{"id":2350,"href":"https:\/\/mdkbielany.pl\/index.php?rest_route=\/wp\/v2\/pages\/265\/revisions\/2350"}],"wp:attachment":[{"href":"https:\/\/mdkbielany.pl\/index.php?rest_route=%2Fwp%2Fv2%2Fmedia&parent=265"}],"curies":[{"name":"wp","href":"https:\/\/api.w.org\/{rel}","templated":true}]}}