{"id":269,"date":"2020-09-15T11:16:11","date_gmt":"2020-09-15T09:16:11","guid":{"rendered":"http:\/\/mdkbie.cba.pl\/?page_id=269"},"modified":"2021-08-31T15:02:26","modified_gmt":"2021-08-31T13:02:26","slug":"zarzadzenie-dyr-mdk-nr-7-2021","status":"publish","type":"page","link":"https:\/\/mdkbielany.pl\/?page_id=269","title":{"rendered":"ZARZ\u0104DZENIE DYR. MDK NR 7\/2021"},"content":{"rendered":"\r\n<p><a href=\"http:\/\/www.mdkbielany.pl\/covid.doc\">Zarz\u0105dzenie nr 7\/2021 (plik do pobrania w formacie doc)<\/a><\/p>\r\n\r\n\r\n\r\n<p><a href=\"http:\/\/www.mdkbielany.pl\/covid.pdf\">Zarz\u0105dzenie nr 7\/2021 (plik do pobrania w formacie pdf)<\/a><\/p>\r\n\r\n\r\n\r\n<p>Zarz\u0105dzenie nr 7\/2021<br \/>Dyrektora M\u0142odzie\u017cowego Domu Kultury \u201eBielany\u201d w Warszawie<br \/>z dnia 01.09.2021 r. W sprawie wprowadzenia \u201eZasad funkcjonowania M\u0142odzie\u017cowego Domu Kultury \u201eBielany\u201d w Warszawie w okresie og\u0142oszonego stanu epidemii w zwi\u0105zku z zagro\u017ceniem zaka\u017cenia koronawirusem SARS-CoV-19\u201d.<\/p>\r\n\r\n\r\n\r\n<p>Na podstawie:<br \/>\u201eWytycznych MEN, MZ i GIS dla publicznych i niepublicznych szk\u00f3\u0142 i plac\u00f3wek od 1 wrze\u015bnia 2020r.\u201d, oraz na podstawie innych obowi\u0105zuj\u0105cych przepis\u00f3w prawa, w tym w zakresie, zapobiegania chorobom zaka\u017anym i w zakresie o\u015bwiaty.<\/p>\r\n\r\n\r\n\r\n<p>Zarz\u0105dzam, co nast\u0119puje:<br \/>\u00a7 1<br \/>Wprowadzam do stosowania w MDK \u201eBielany\u201d w Warszawie \u201eZasady funkcjonowania MDK \u201eBielany\u201d w Warszawie w okresie og\u0142oszonego stanu epidemii w zwi\u0105zku z zagro\u017ceniem zaka\u017ceniakoronawirusem SARS-CoV-19\u201d, w brzmieniu za\u0142\u0105cznika nr 1 do niniejszego zarz\u0105dzenia.<br \/>\u00a7 2<br \/>Do stosowania zasad, o kt\u00f3rych mowa w \u00a7 1, zobowi\u0105zani s\u0105 wszyscy pracownicy zatrudnieni w MDK \u201eBielany\u201d w Warszawie, niezale\u017cnie od formy zatrudnienia, rodzice, dzieci i m\u0142odzie\u017c ucz\u0119szczaj\u0105ca do domu kultury oraz osoby trzecie przebywaj\u0105ce na terenie plac\u00f3wki.<br \/>\u00a7 3<\/p>\r\n\r\n\r\n\r\n<ol class=\"wp-block-list\">\r\n<li>\u201eZasady funkcjonowania MDK \u201eBielany\u201d w Warszawie w okresie og\u0142oszonego stanu epidemii w zwi\u0105zku z zagro\u017ceniem zaka\u017cenia koronawirusem SARS-CoV-19\u201d podlegaj\u0105 og\u0142oszeniu na<br \/>stronie internetowej MDK \u201eBielany\u201d w Warszawie oraz zostaj\u0105 udost\u0119pnione do wgl\u0105du w sekretariacie plac\u00f3wki.<\/li>\r\n<li>Fakt zapoznania si\u0119 z procedur\u0105 wymienion\u0105 w ust. 1. oraz zobowi\u0105zanie do jej stosowania, ka\u017cdy pracownik potwierdza w\u0142asnor\u0119cznym podpisem w ksi\u0105\u017cce zarz\u0105dze\u0144.<br \/>\u00a7 4<br \/>Wykonanie zarz\u0105dzenia powierza si\u0119 wykonaniu wszystkich pracownik\u00f3w MDK \u201eBielany\u201d w Warszawie, rodzicom oraz wychowankom ucz\u0119szczaj\u0105cym do domu kultury oraz osobom trzecim<br \/>przebywaj\u0105cym na terenie plac\u00f3wki.<br \/>\u00a7 5<br \/>Zarz\u0105dzenie wchodzi w \u017cycie z dniem 1 wrze\u015bnia 2021 r.<br \/><br \/>Za\u0142\u0105cznik 1<br \/>do Zarz\u0105dzenia Dyrektora<br \/>M\u0142odzie\u017cowego Domu Kultury \u201eBielany\u201d<br \/>w Warszawie<br \/>nr 7\/2021 z dnia 01.09.2021 r.<br \/>\u201eZasady funkcjonowania MDK \u201eBielany\u201d w Warszawie w okresie og\u0142oszonego stanu epidemii<br \/>w zwi\u0105zku z zagro\u017ceniem zaka\u017cenia koronawirusem SARS-CoV-19\u201d.<\/li>\r\n<li>Do budynku domu kultury mog\u0105 wej\u015b\u0107 tylko osoby zdrowe, nie zamieszkuj\u0105ce z osob\u0105 przebywaj\u0105c\u0105 na kwarantannie. Je\u017celi w domu przebywa osoba na kwarantannie lub izolacji w warunkach domowych nie wolno przyj\u015b\u0107 na zaj\u0119cia.<\/li>\r\n<li>Do domu kultury mo\u017ce ucz\u0119szcza\u0107 wy\u0142\u0105cznie osoba zdrowa, bez objaw\u00f3w chorobowych sugeruj\u0105cych chorob\u0119 zaka\u017an\u0105.<\/li>\r\n<li>Przed wej\u015bciem do domu kultury wszyscy musz\u0105 mie\u0107 zmierzon\u0105 temperatur\u0119 cia\u0142a przez osob\u0119 do tego wyznaczon\u0105 przez dyrektora, osoby z podwy\u017cszon\u0105 temperatur\u0105 nie zostan\u0105 wpuszczone do budynku. W przypadku os\u00f3b nieletnich nale\u017cy uzyska\u0107 zgod\u0119 rodzic\u00f3w\/opiekun\u00f3w na pomiar temperatury cia\u0142a dziecka. W przypadku wyst\u0105pienia<br \/>niepokoj\u0105cych objaw\u00f3w chorobowych nale\u017cy post\u0119powa\u0107 wg. \u201eProcedury na wypadek podejrzenia zaka\u017cenia koronawirusem lub zachorowania na COVID-19.\u201d<\/li>\r\n<li>Do wej\u015bcia podchodzimy pojedynczo z zachowaniem bezpiecznej odleg\u0142o\u015bci. Nale\u017cy zachowa\u0107 bezpieczn\u0105 odleg\u0142o\u015b\u0107 od rozm\u00f3wcy (min. 1,5 &#8211; 2 metr\u00f3w).<\/li>\r\n<li>Do pracowni i sal zaj\u0119ciowych wchodzimy wyznaczonymi wej\u015bciami.<\/li>\r\n<li>W przypadku odbioru dziecka z plac\u00f3wki rodzic\/opiekun czeka na dziecko przed budynkiem plac\u00f3wki.<\/li>\r\n<li>Rodzic\/opiekun nie wchodzi z dzieckiem do budynku domu kultury.<\/li>\r\n<li>Jedna grupa dzieci przebywa w wyznaczonej i sta\u0142ej sali.<\/li>\r\n<li>Minimalna przestrze\u0144 do zaj\u0119\u0107 dla dzieci w sali nie mo\u017ce by\u0107 mniejsza ni\u017c 2 m na 1 dziecko i ka\u017cdego opiekuna.<\/li>\r\n<li>Wychowanek nie zabiera ze sob\u0105 do plac\u00f3wki niepotrzebnych przedmiot\u00f3w lub zabawek.<\/li>\r\n<li>Organizacja pracy powinna uniemo\u017cliwia\u0107 stykanie si\u0119 ze sob\u0105 poszczeg\u00f3lnych grup dzieci.<\/li>\r\n<li>Dyrektor winien upowszechnia\u0107 w\u015br\u00f3d pracownik\u00f3w wiedz\u0119 z zakresu bhp.<\/li>\r\n<li>W czasie pracy na terenie plac\u00f3wki wszyscy pracownicy zobowi\u0105zani s\u0105 do noszenia maseczek zakrywaj\u0105cych usta i nos, oraz w miar\u0119 mo\u017cliwo\u015bci jak najcz\u0119stszego mycia r\u0105k wod\u0105 z myd\u0142em lub ich dezynfekcj\u0119 \u015brodkiem na bazie alkoholu (min. 60%).<\/li>\r\n<li>Nale\u017cy zwr\u00f3ci\u0107 szczeg\u00f3ln\u0105 uwag\u0119, aby podczas pobytu w plac\u00f3wce NIE dotyka\u0107 d\u0142o\u0144mi okolic twarzy, zw\u0142aszcza ust, nosa i oczu.<\/li>\r\n<li>Zapewni\u0107, aby osoby przebywaj\u0105ce na terenie plac\u00f3wki mia\u0142y dost\u0119p do miejsc, w kt\u00f3rych mog\u0105 my\u0107 r\u0119ce wod\u0105 i myd\u0142em.<\/li>\r\n<li>Umie\u015bci\u0107 dozowniki z p\u0142ynem odka\u017caj\u0105cym w widocznych miejscach i upewni\u0107 si\u0119, \u017ce dozowniki te s\u0105 regularnie nape\u0142niane.<\/li>\r\n<li>Wywiesi\u0107 w widocznym miejscu informacje, jak skutecznie my\u0107 r\u0119ce.<\/li>\r\n<li>Przestrzega\u0107 higieny kaszlu i oddychania. Podczas kaszlu i kichania nale\u017cy zakry\u0107 usta i nos zgi\u0119tym \u0142okciem lub chusteczk\u0105 \u2013 jak najszybciej wyrzu\u0107 chusteczk\u0119 do zamkni\u0119tego kosza i umy\u0107 r\u0119ce, u\u017cywaj\u0105c myd\u0142a i wody lub zdezynfekowa\u0107 je \u015brodkami na bazie alkoholu<br \/>(min. 60%.). Nie obawia\u0107 si\u0119 zwraca\u0107 uwag\u0119 wsp\u00f3\u0142pracownikowi, rodzicowi, dziecku czy interesantowi, aby nie kas\u0142a\u0142 i nie kicha\u0142 w naszym kierunku, ani na przedmioty w naszym otoczeniu.<\/li>\r\n<li>Wszyscy pracownicy zobowi\u0105zani s\u0105 do szczeg\u00f3lnej dba\u0142o\u015bci, aby pomieszczenia i sprz\u0119ty w plac\u00f3wce by\u0142y czyste i higieniczne:<br \/>&#8211; wszystkie obszary cz\u0119sto u\u017cywane, takie jak toalety, pomieszczenia wsp\u00f3lne, powinny by\u0107 regularnie i starannie sprz\u0105tane, z u\u017cyciem wody z detergentem, powierzchnie dotykowe takie jak: szafki w salach i pracowniach, \u0142awki, sto\u0142y, blaty i krzes\u0142a, sprz\u0119t do zabaw ruchowych w plac\u00f3wce i na terenie parku, klamki, w\u0142\u0105czniki \u015bwiat\u0142a, por\u0119cze i inne przedmioty (np. telefony, klawiatury) musz\u0105 by\u0107 regularnie wycierane \u015brodkiem dezynfekuj\u0105cym lub przecierane wod\u0105 z detergentem.<\/li>\r\n<li>Nale\u017cy systematycznie wietrzy\u0107 wszystkie pomieszczenia w budynku domu kultury (co najmniej raz na godzin\u0119, w czasie przerwy mi\u0119dzy zaj\u0119ciami, a w razie potrzeby tak\u017ce w czasie zaj\u0119\u0107).<\/li>\r\n<li>Pracownicy domu kultury wyznaczeni przez dyrektora, o um\u00f3wionej godzinie, odprowadzaj\u0105 dzieci m\u0142odsze po zaj\u0119ciach do drzwi wej\u015bciowych.<\/li>\r\n<li>Pomieszczenie magazynowe na pierwszym pi\u0119trze zostaje przystosowane na potrzeb\u0119 izolatki, w razie konieczno\u015bci odizolowania osoby, kt\u00f3rej stan zdrowia wskazuje na chorob\u0119.<\/li>\r\n<li>Zasady post\u0119powania w przypadku podejrzenia zaka\u017cenia koronawirusem lub zachorowania na COVID-19 zawarte s\u0105 w \u201eProcedurze post\u0119powania na wypadek podejrzenia zaka\u017cenia koronawirusem lub zachorowania na COVID-19\u201d.<\/li>\r\n<li>Telefony do kontaktu ze s\u0142u\u017cbami i urz\u0119dami:<br \/>&#8211; Ca\u0142odobowa Infolinia NFZ \u2013 800 190 590<br \/>&#8211; COVID-19 &#8211; numer alarmowy (6:00-22:00) \u2013 091 434 04 37<br \/>&#8211; Informacja telefoniczna dotycz\u0105ca KORONAWIRUSA (07:25 &#8211; 20:00) \u2013 608 229 942 lub 608 229 963<br \/>&#8211; Wojew\u00f3dzka Stacja Sanitarno-Epidemiologiczna w W-wie &#8211; (22) 620 90 01 do 06, wssewarszawa24h@wsse.waw.pl<br \/>&#8211; Dy\u017curny MPWIS \u2013 502 171 171<br \/>&#8211; PPIS w m. st. Warszawa \u2013 606 108 040<br \/>&#8211; Dodatkowy numer informacyjny z Urz\u0119dem m. st. Warszawy &#8211; (22) 32 58 958<br \/>&#8211; Infolinie PPIS m. st. Warszawy \u2013 505 342 009, 698 107 933, 884 697 317,<br \/>699 834 426, 501 127 338, 606 165 090, 604 135 225<br \/>&#8211; MKO &#8211; 22 551 24 00<br \/>&#8211; Urz\u0105d Dzielnicy Bielany m. st. Warszawy &#8211; 22 443 47 00<br \/>&#8211; Wa\u017cne strony internetowe:<br \/>https:\/\/www.gov.pl\/web\/koronawirus &#8211; Serwis Rzeczypospolitej Polskiej<br \/>https:\/\/www.gov.pl\/web\/edukacja &#8211; Ministerstwo Edukacji Narodowej<br \/>http:\/\/wsse.waw.pl\/ &#8211; Wojew\u00f3dzka Stacja Sanitarno-Epidemiologiczna<\/li>\r\n<\/ol>\r\n\r\n<div id=\"tve_overlay_dhcnhhceeanddoknlekcjhpmhbaogmkp\" style=\"position: fixed; width: 100%; height: 100%; inset: 0; background-color: rgba(0, 0, 0, 0.3); z-index: 9999999; cursor: pointer; display: none;\">\u00a0<\/div>\r\n<div id=\"tve_overlay_dhcnhhceeanddoknlekcjhpmhbaogmkp\" style=\"position: fixed; width: 100%; height: 100%; inset: 0; background-color: rgba(0, 0, 0, 0.3); z-index: 9999999; cursor: pointer; display: none;\">\u00a0<\/div>\r\n<div id=\"tve_overlay_dhcnhhceeanddoknlekcjhpmhbaogmkp\" style=\"position: fixed; width: 100%; height: 100%; inset: 0; background-color: rgba(0, 0, 0, 0.3); z-index: 9999999; cursor: pointer; display: none;\">\u00a0<\/div>\r\n<div id=\"tve_overlay_dhcnhhceeanddoknlekcjhpmhbaogmkp\" style=\"position: fixed; width: 100%; height: 100%; inset: 0; background-color: rgba(0, 0, 0, 0.3); z-index: 9999999; cursor: pointer; display: none;\">\u00a0<\/div>","protected":false},"excerpt":{"rendered":"<p>Zarz\u0105dzenie nr 7\/2021 (plik do pobrania w formacie doc) Zarz\u0105dzenie nr 7\/2021 (plik do pobrania w formacie pdf) Zarz\u0105dzenie nr 7\/2021Dyrektora M\u0142odzie\u017cowego Domu Kultury \u201eBielany\u201d w Warszawiez dnia 01.09.2021 r. W sprawie wprowadzenia \u201eZasad funkcjonowania M\u0142odzie\u017cowego Domu Kultury \u201eBielany\u201d w Warszawie w okresie og\u0142oszonego stanu epidemii w zwi\u0105zku z zagro\u017ceniem zaka\u017cenia koronawirusem SARS-CoV-19\u201d. Na podstawie:\u201eWytycznych [&hellip;]<\/p>\n","protected":false},"author":1,"featured_media":0,"parent":0,"menu_order":0,"comment_status":"closed","ping_status":"closed","template":"","meta":{"footnotes":""},"class_list":["post-269","page","type-page","status-publish","hentry"],"_links":{"self":[{"href":"https:\/\/mdkbielany.pl\/index.php?rest_route=\/wp\/v2\/pages\/269","targetHints":{"allow":["GET"]}}],"collection":[{"href":"https:\/\/mdkbielany.pl\/index.php?rest_route=\/wp\/v2\/pages"}],"about":[{"href":"https:\/\/mdkbielany.pl\/index.php?rest_route=\/wp\/v2\/types\/page"}],"author":[{"embeddable":true,"href":"https:\/\/mdkbielany.pl\/index.php?rest_route=\/wp\/v2\/users\/1"}],"replies":[{"embeddable":true,"href":"https:\/\/mdkbielany.pl\/index.php?rest_route=%2Fwp%2Fv2%2Fcomments&post=269"}],"version-history":[{"count":7,"href":"https:\/\/mdkbielany.pl\/index.php?rest_route=\/wp\/v2\/pages\/269\/revisions"}],"predecessor-version":[{"id":1641,"href":"https:\/\/mdkbielany.pl\/index.php?rest_route=\/wp\/v2\/pages\/269\/revisions\/1641"}],"wp:attachment":[{"href":"https:\/\/mdkbielany.pl\/index.php?rest_route=%2Fwp%2Fv2%2Fmedia&parent=269"}],"curies":[{"name":"wp","href":"https:\/\/api.w.org\/{rel}","templated":true}]}}