{"id":350,"date":"2020-08-26T21:53:30","date_gmt":"2020-08-26T19:53:30","guid":{"rendered":"http:\/\/mdkbie.cba.pl\/?page_id=15"},"modified":"2026-04-17T13:53:40","modified_gmt":"2026-04-17T11:53:40","slug":"aktualnosci","status":"publish","type":"page","link":"https:\/\/mdkbielany.pl\/","title":{"rendered":"AKTUALNO\u015aCI"},"content":{"rendered":"<div>\r\n<h5><img loading=\"lazy\" decoding=\"async\" class=\"alignnone wp-image-4107 size-full\" src=\"https:\/\/mdkbielany.pl\/wp-content\/uploads\/2026\/04\/info-111.png\" alt=\"plakat - zaproszenie na rozstrzygni\u0119cie konkursu plastycznego: \u015bwiat, kt\u00f3ry puka.... 22 kwietnia 2026 o godz. 11.00 w mdk bielany, ceg\u0142owska 39. zielone t\u0142o, zwierz\u0105tka rysunkowe\" width=\"1587\" height=\"2245\" srcset=\"https:\/\/mdkbielany.pl\/wp-content\/uploads\/2026\/04\/info-111.png 1587w, https:\/\/mdkbielany.pl\/wp-content\/uploads\/2026\/04\/info-111-212x300.png 212w, https:\/\/mdkbielany.pl\/wp-content\/uploads\/2026\/04\/info-111-724x1024.png 724w, https:\/\/mdkbielany.pl\/wp-content\/uploads\/2026\/04\/info-111-768x1086.png 768w, https:\/\/mdkbielany.pl\/wp-content\/uploads\/2026\/04\/info-111-1086x1536.png 1086w, https:\/\/mdkbielany.pl\/wp-content\/uploads\/2026\/04\/info-111-1448x2048.png 1448w\" sizes=\"auto, (max-width: 1587px) 100vw, 1587px\" \/><\/h5>\r\n<h5 class=\"x_elementToProof\">Mazowiecki Kurator O\u015bwiaty niezmienne aktywnie w\u0142\u0105cza si\u0119 w dzia\u0142ania kampanii spo\u0142ecznej pn. \u201eWidz\u0119 Ci\u0119!, S\u0142ysz\u0119 Ci\u0119!\u201d. Za\u0142o\u017ceniem kampanii jest zwr\u00f3cenie uwagi na istotny problem wsp\u00f3\u0142czesnych rodzic\u00f3w \u2013 phubbing rodzicielski, czyli ignorowanie dziecka poprzez nadmierne korzystanie z telefonu kom\u00f3rkowego w jego obecno\u015bci. G\u0142\u00f3wn\u0105 grup\u0105 docelow\u0105 s\u0105 rodzice, kt\u00f3rych spos\u00f3b korzystania z urz\u0105dze\u0144 elektronicznych ma bezpo\u015bredni wp\u0142yw na rozw\u00f3j oraz funkcjonowanie dzieci i m\u0142odzie\u017cy.<\/h5>\r\n<h5 class=\"x_elementToProof\"><img loading=\"lazy\" decoding=\"async\" class=\"alignnone size-full wp-image-4104\" src=\"https:\/\/mdkbielany.pl\/wp-content\/uploads\/2026\/04\/pl2.jpg\" alt=\"plakat kampanii widz\u0119 ci\u0119.., na plakacie dziecko o i fotel y telefonem\" width=\"936\" height=\"1020\" srcset=\"https:\/\/mdkbielany.pl\/wp-content\/uploads\/2026\/04\/pl2.jpg 936w, https:\/\/mdkbielany.pl\/wp-content\/uploads\/2026\/04\/pl2-275x300.jpg 275w, https:\/\/mdkbielany.pl\/wp-content\/uploads\/2026\/04\/pl2-768x837.jpg 768w\" sizes=\"auto, (max-width: 936px) 100vw, 936px\" \/><br \/><br \/>Linki do materia\u0142\u00f3w zwi\u0105zanych z kampani\u0105:<\/h5>\r\n<div class=\"x_elementToProof\">Poradnik dla rodzic\u00f3w:<br \/><a href=\"https:\/\/mcps.com.pl\/poradnik-phubbing-pod-lupa\/\">Poradnik &#8211; Phubbing pod lup\u0105. &#8211; Mazowieckie Centrum Polityki Spo\u0142ecznej.<\/a><\/div>\r\n<div>\u00a0<\/div>\r\n<div class=\"x_elementToProof\">Filmy promocyjne:<br \/><a href=\"https:\/\/mcps.com.pl\/filmy-widze-cie-slysze-cie\/\">Filmy &#8211; Widz\u0119 Ci\u0119! S\u0142ysz\u0119 Ci\u0119! &#8211; Mazowieckie Centrum Polityki Spo\u0142ecznej.<\/a><\/div>\r\n<div>\u00a0<\/div>\r\n<div class=\"x_elementToProof\">Materia\u0142y edukacyjno-informacyjne:<br \/><a href=\"https:\/\/mcps.com.pl\/materialy-do-pobrania-widze-cie-slysze-cie\/\">Materia\u0142y do pobrania &#8211; Widz\u0119 Ci\u0119!, S\u0142ysz\u0119 ci\u0119! &#8211; Mazowieckie Centrum <\/a><a href=\"https:\/\/mcps.com.pl\/materialy-do-pobrania-widze-cie-slysze-cie\/\">Polityki Spo\u0142ecznej.<\/a><\/div>\r\n<div>\u00a0<\/div>\r\n<div class=\"x_elementToProof\">Nagranie z konferencji w dniu 27.11.2025 r.:<br \/><a href=\"https:\/\/mcps.com.pl\/nagranie-z-kampanii\/\">Nagranie z konferencji &#8211; Widz\u0119 Ci\u0119! S\u0142ysz\u0119 Ci\u0119! &#8211; Mazowieckie Centrum <\/a><a href=\"https:\/\/mcps.com.pl\/nagranie-z-kampanii\/\">Polityki Spo\u0142ecznej.<\/a><br \/><br \/><br \/><br \/><\/div>\r\n<div><span style=\"font-family: RobotoSlab-Bold; font-size: 2em;\">Jeste\u015bmy na Facebooku<\/span><\/div>\r\n<\/div>\r\n<h5>Je\u015bli chcesz wiedzie\u0107 co dzieje si\u0119 w MDK Bielany, <br \/>odwied\u017a nasz profil: <a href=\"https:\/\/www.facebook.com\/domkulturybielany\">facebook.com\/domkulturybielany<\/a><\/h5>\r\n<p>To jest jedyny oficjalny profil M\u0142odzie\u017cowego Domu Kultury &#8220;Bielany&#8221;. Na tym profilu pojawiaj\u0105 si\u0119 aktualno\u015bci. Polub nas na Facebooku. Udost\u0119pnij t\u0119 informacj\u0119 znajomym z Bielan. Dzi\u0119kujemy!!!<\/p>\r\n<p><!-- \/wp:post-content --><\/p>\r\n<p><!-- wp:heading {\"style\":{\"typography\":{\"fontSize\":46}}} --><\/p>\r\n<figure><\/figure>\r\n<p><!-- \/wp:heading --><\/p>\r\n<p><!-- wp:paragraph \/--><\/p>\r\n<p><!-- wp:paragraph \/--><\/p>\r\n<p><!-- wp:paragraph \/--><\/p>\r\n<p><!-- wp:paragraph {\"fontSize\":\"large\"} \/--><\/p>\r\n<p><!-- wp:heading {\"fontSize\":\"large\"} \/--><\/p>\r\n<p><!-- wp:paragraph {\"fontSize\":\"medium\"} \/--><\/p>\r\n<p><!-- wp:paragraph {\"fontSize\":\"medium\"} \/--><\/p>\r\n<p><!-- wp:paragraph \/--><\/p>\r\n<p><!-- wp:paragraph \/--><\/p>","protected":false},"excerpt":{"rendered":"<p>Mazowiecki Kurator O\u015bwiaty niezmienne aktywnie w\u0142\u0105cza si\u0119 w dzia\u0142ania kampanii spo\u0142ecznej pn. \u201eWidz\u0119 Ci\u0119!, S\u0142ysz\u0119 Ci\u0119!\u201d. Za\u0142o\u017ceniem kampanii jest zwr\u00f3cenie uwagi na istotny problem wsp\u00f3\u0142czesnych rodzic\u00f3w \u2013 phubbing rodzicielski, czyli ignorowanie dziecka poprzez nadmierne korzystanie z telefonu kom\u00f3rkowego w jego obecno\u015bci. G\u0142\u00f3wn\u0105 grup\u0105 docelow\u0105 s\u0105 rodzice, kt\u00f3rych spos\u00f3b korzystania z urz\u0105dze\u0144 elektronicznych ma bezpo\u015bredni wp\u0142yw [&hellip;]<\/p>\n","protected":false},"author":1,"featured_media":0,"parent":0,"menu_order":0,"comment_status":"closed","ping_status":"closed","template":"","meta":{"footnotes":""},"class_list":["post-350","page","type-page","status-publish","hentry"],"_links":{"self":[{"href":"https:\/\/mdkbielany.pl\/index.php?rest_route=\/wp\/v2\/pages\/350","targetHints":{"allow":["GET"]}}],"collection":[{"href":"https:\/\/mdkbielany.pl\/index.php?rest_route=\/wp\/v2\/pages"}],"about":[{"href":"https:\/\/mdkbielany.pl\/index.php?rest_route=\/wp\/v2\/types\/page"}],"author":[{"embeddable":true,"href":"https:\/\/mdkbielany.pl\/index.php?rest_route=\/wp\/v2\/users\/1"}],"replies":[{"embeddable":true,"href":"https:\/\/mdkbielany.pl\/index.php?rest_route=%2Fwp%2Fv2%2Fcomments&post=350"}],"version-history":[{"count":1030,"href":"https:\/\/mdkbielany.pl\/index.php?rest_route=\/wp\/v2\/pages\/350\/revisions"}],"predecessor-version":[{"id":4109,"href":"https:\/\/mdkbielany.pl\/index.php?rest_route=\/wp\/v2\/pages\/350\/revisions\/4109"}],"wp:attachment":[{"href":"https:\/\/mdkbielany.pl\/index.php?rest_route=%2Fwp%2Fv2%2Fmedia&parent=350"}],"curies":[{"name":"wp","href":"https:\/\/api.w.org\/{rel}","templated":true}]}}