{"id":48,"date":"2020-08-26T22:34:49","date_gmt":"2020-08-26T20:34:49","guid":{"rendered":"http:\/\/mdkbie.cba.pl\/?page_id=48"},"modified":"2023-05-30T13:08:32","modified_gmt":"2023-05-30T11:08:32","slug":"warsztaty-ceramiczne","status":"publish","type":"page","link":"https:\/\/mdkbielany.pl\/?page_id=48","title":{"rendered":"WARSZTATY CERAMICZNE"},"content":{"rendered":"\r\n<p>WARSZTATY CERAMICZNE<br \/>(zaj\u0119cia dla dzieci od 6 do 10 lat)<br \/><br \/>Nauczyciel: Pawe\u0142 Zara\u015b<br \/><br \/>sobota:\u00a0grupa I od 9.30 do 11.00,<br \/>grupa II od 11.30 do 13.00<\/p>\r\n","protected":false},"excerpt":{"rendered":"<p>WARSZTATY CERAMICZNE(zaj\u0119cia dla dzieci od 6 do 10 lat) Nauczyciel: Pawe\u0142 Zara\u015b sobota:\u00a0grupa I od 9.30 do 11.00,grupa II od 11.30 do 13.00<\/p>\n","protected":false},"author":1,"featured_media":0,"parent":0,"menu_order":0,"comment_status":"closed","ping_status":"closed","template":"","meta":{"footnotes":""},"class_list":["post-48","page","type-page","status-publish","hentry"],"_links":{"self":[{"href":"https:\/\/mdkbielany.pl\/index.php?rest_route=\/wp\/v2\/pages\/48","targetHints":{"allow":["GET"]}}],"collection":[{"href":"https:\/\/mdkbielany.pl\/index.php?rest_route=\/wp\/v2\/pages"}],"about":[{"href":"https:\/\/mdkbielany.pl\/index.php?rest_route=\/wp\/v2\/types\/page"}],"author":[{"embeddable":true,"href":"https:\/\/mdkbielany.pl\/index.php?rest_route=\/wp\/v2\/users\/1"}],"replies":[{"embeddable":true,"href":"https:\/\/mdkbielany.pl\/index.php?rest_route=%2Fwp%2Fv2%2Fcomments&post=48"}],"version-history":[{"count":1,"href":"https:\/\/mdkbielany.pl\/index.php?rest_route=\/wp\/v2\/pages\/48\/revisions"}],"predecessor-version":[{"id":2623,"href":"https:\/\/mdkbielany.pl\/index.php?rest_route=\/wp\/v2\/pages\/48\/revisions\/2623"}],"wp:attachment":[{"href":"https:\/\/mdkbielany.pl\/index.php?rest_route=%2Fwp%2Fv2%2Fmedia&parent=48"}],"curies":[{"name":"wp","href":"https:\/\/api.w.org\/{rel}","templated":true}]}}