{"id":49,"date":"2020-08-26T22:34:49","date_gmt":"2020-08-26T20:34:49","guid":{"rendered":"http:\/\/mdkbie.cba.pl\/?page_id=49"},"modified":"2025-09-01T18:03:20","modified_gmt":"2025-09-01T16:03:20","slug":"grafika-komputerowa","status":"publish","type":"page","link":"https:\/\/mdkbielany.pl\/?page_id=49","title":{"rendered":"GRAFIKA KOMPUTEROWA"},"content":{"rendered":"\r\n<p>GRAFIKA KOMPUTEROWA<strong><br \/><\/strong>(zaj\u0119cia dla dzieci i m\u0142odzie\u017cy od 8 do 19 lat)<strong><br \/><br \/><\/strong>Nauczyciel: Dariusz Zara\u015b<br \/><br \/>wtorek: od 16.00 do 19.15<br \/>\u015broda: od od 16.00 do 19.15<br \/>czwartek: od 16.00 do 19.15<br \/>pi\u0105tek: od 16.00 do 19.15<\/p>\r\n\r\n\r\n\r\n<p><a href=\"https:\/\/www.youtube.com\/channel\/UC3UeKkyhy0_GIMiwzPTyaIA\/videos\" target=\"_blank\" rel=\"noopener noreferrer\">Zobacz, co robimy na naszym kanale YouTube<\/a><\/p>\r\n<p><a href=\"http:\/\/owzpap.org\/artysci\/zaras-dariusz-marcin\/\" target=\"_blank\" rel=\"noopener noreferrer\">Zobacz biografi\u0119 nauczyciela na stronie ZPAP<\/a><\/p>\r\n","protected":false},"excerpt":{"rendered":"<p>GRAFIKA KOMPUTEROWA(zaj\u0119cia dla dzieci i m\u0142odzie\u017cy od 8 do 19 lat) Nauczyciel: Dariusz Zara\u015b wtorek: od 16.00 do 19.15\u015broda: od od 16.00 do 19.15czwartek: od 16.00 do 19.15pi\u0105tek: od 16.00 do 19.15 Zobacz, co robimy na naszym kanale YouTube Zobacz biografi\u0119 nauczyciela na stronie ZPAP<\/p>\n","protected":false},"author":1,"featured_media":0,"parent":0,"menu_order":0,"comment_status":"closed","ping_status":"closed","template":"","meta":{"footnotes":""},"class_list":["post-49","page","type-page","status-publish","hentry"],"_links":{"self":[{"href":"https:\/\/mdkbielany.pl\/index.php?rest_route=\/wp\/v2\/pages\/49","targetHints":{"allow":["GET"]}}],"collection":[{"href":"https:\/\/mdkbielany.pl\/index.php?rest_route=\/wp\/v2\/pages"}],"about":[{"href":"https:\/\/mdkbielany.pl\/index.php?rest_route=\/wp\/v2\/types\/page"}],"author":[{"embeddable":true,"href":"https:\/\/mdkbielany.pl\/index.php?rest_route=\/wp\/v2\/users\/1"}],"replies":[{"embeddable":true,"href":"https:\/\/mdkbielany.pl\/index.php?rest_route=%2Fwp%2Fv2%2Fcomments&post=49"}],"version-history":[{"count":10,"href":"https:\/\/mdkbielany.pl\/index.php?rest_route=\/wp\/v2\/pages\/49\/revisions"}],"predecessor-version":[{"id":3663,"href":"https:\/\/mdkbielany.pl\/index.php?rest_route=\/wp\/v2\/pages\/49\/revisions\/3663"}],"wp:attachment":[{"href":"https:\/\/mdkbielany.pl\/index.php?rest_route=%2Fwp%2Fv2%2Fmedia&parent=49"}],"curies":[{"name":"wp","href":"https:\/\/api.w.org\/{rel}","templated":true}]}}