{"id":62,"date":"2020-08-26T22:40:06","date_gmt":"2020-08-26T20:40:06","guid":{"rendered":"http:\/\/mdkbie.cba.pl\/?page_id=62"},"modified":"2025-08-31T22:55:24","modified_gmt":"2025-08-31T20:55:24","slug":"jezyk-niemiecki","status":"publish","type":"page","link":"https:\/\/mdkbielany.pl\/?page_id=62","title":{"rendered":"J\u0118ZYK NIEMIECKI"},"content":{"rendered":"\r\n<p>J\u0118ZYK NIEMIECKI<br \/>(zaj\u0119cia dla dzieci od 9 do 20 lat)<\/p>\r\n\r\n\r\n\r\n<p>Nauczyciel: Janusz Tryzno<br \/>poniedzia\u0142ek od 16.15 do 21.05<br \/>\u015broda od 16.15 do 21.05<\/p>\r\n\r\n<div id=\"tve_overlay_dhcnhhceeanddoknlekcjhpmhbaogmkp\" style=\"position: fixed; width: 100%; height: 100%; inset: 0; background-color: rgba(0, 0, 0, 0.3); z-index: 9999999; cursor: pointer; display: none;\">\u00a0<\/div>","protected":false},"excerpt":{"rendered":"<p>J\u0118ZYK NIEMIECKI(zaj\u0119cia dla dzieci od 9 do 20 lat) Nauczyciel: Janusz Tryznoponiedzia\u0142ek od 16.15 do 21.05\u015broda od 16.15 do 21.05 \u00a0<\/p>\n","protected":false},"author":1,"featured_media":0,"parent":0,"menu_order":0,"comment_status":"closed","ping_status":"closed","template":"","meta":{"footnotes":""},"class_list":["post-62","page","type-page","status-publish","hentry"],"_links":{"self":[{"href":"https:\/\/mdkbielany.pl\/index.php?rest_route=\/wp\/v2\/pages\/62","targetHints":{"allow":["GET"]}}],"collection":[{"href":"https:\/\/mdkbielany.pl\/index.php?rest_route=\/wp\/v2\/pages"}],"about":[{"href":"https:\/\/mdkbielany.pl\/index.php?rest_route=\/wp\/v2\/types\/page"}],"author":[{"embeddable":true,"href":"https:\/\/mdkbielany.pl\/index.php?rest_route=\/wp\/v2\/users\/1"}],"replies":[{"embeddable":true,"href":"https:\/\/mdkbielany.pl\/index.php?rest_route=%2Fwp%2Fv2%2Fcomments&post=62"}],"version-history":[{"count":5,"href":"https:\/\/mdkbielany.pl\/index.php?rest_route=\/wp\/v2\/pages\/62\/revisions"}],"predecessor-version":[{"id":3647,"href":"https:\/\/mdkbielany.pl\/index.php?rest_route=\/wp\/v2\/pages\/62\/revisions\/3647"}],"wp:attachment":[{"href":"https:\/\/mdkbielany.pl\/index.php?rest_route=%2Fwp%2Fv2%2Fmedia&parent=62"}],"curies":[{"name":"wp","href":"https:\/\/api.w.org\/{rel}","templated":true}]}}