{"id":77,"date":"2020-08-26T22:53:01","date_gmt":"2020-08-26T20:53:01","guid":{"rendered":"http:\/\/mdkbie.cba.pl\/?page_id=77"},"modified":"2020-11-25T11:13:35","modified_gmt":"2020-11-25T10:13:35","slug":"mdk-bielany","status":"publish","type":"page","link":"https:\/\/mdkbielany.pl\/?page_id=77","title":{"rendered":"MDK BIELANY"},"content":{"rendered":"\n<p>M\u0141ODZIE\u017bOWY DOM KULTURY \u201eBIELANY\u201d<\/p>\n\n\n\n<p>\u00a0 \u00a0\u00a0 Pomi\u0119dzy ulicami Marymonck\u0105, a Kasprowicza, na styku Uroczyska Lindego i terenu Starych Bielan, po\u0142o\u017cony jest M\u0142odzie\u017cowy Dom Kultury \u201eBielany\u201d. Dom s\u0142u\u017cy\u0142 biela\u0144skim rodzinom ju\u017c od pierwszych, powojennych lat, mamy wi\u0119c ponad 60. letni\u0105 tradycj\u0119, w kszta\u0142towaniu i rozwijaniu zainteresowa\u0144 dzieci i m\u0142odzie\u017cy.<\/p>\n\n\n\n<p>&nbsp;&nbsp; &nbsp;Edukujemy i wychowujemy m\u0142ode pokolenie, wykorzystuj\u0105c pedagogik\u0119 zabawy, techniki plastyczne, muzyczne i teatralne. Organizujemy warsztaty artystyczne dla dzieci, m\u0142odzie\u017cy i rodzic\u00f3w, imprezy \u015brodowiskowe, wsp\u00f3\u0142pracujemy ze szko\u0142ami, przygotowujemy m\u0142odzie\u017c do egzamin\u00f3w na uczelnie artystyczne. Zaj\u0119cia prowadz\u0105 do\u015bwiadczeni pedagodzy, w\u015br\u00f3d kt\u00f3rych s\u0105 animatorzy kultury i czynni arty\u015bci.<\/p>\n\n\n\n<p>&nbsp;&nbsp; &nbsp;M\u0142odzie\u017cowy Dom Kultury \u201eBielany\u201d, po\u0142o\u017cony z dala od miejskiego zgie\u0142ku, po\u015br\u00f3d starych drzew biela\u0144skiego parku, stwarza wyj\u0105tkowy klimat do nauki i dzia\u0142a\u0144 tw\u00f3rczych, a tak\u017ce wypoczynku. W zespo\u0142ach-pracowniach, wychowankowie realizuj\u0105 wa\u017cne dla m\u0142odych ludzi potrzeby: tworzenia, samorealizacji, wymiany pogl\u0105d\u00f3w i aktywnego sp\u0119dzania wolnego czasu. Urok tego miejsca, na wiele lat pozostaje w pami\u0119ci, naszych wychowank\u00f3w i ich rodzic\u00f3w.<\/p>\n\n\n\n<p>Zapraszamy!<\/p>\n","protected":false},"excerpt":{"rendered":"<p>M\u0141ODZIE\u017bOWY DOM KULTURY \u201eBIELANY\u201d \u00a0 \u00a0\u00a0 Pomi\u0119dzy ulicami Marymonck\u0105, a Kasprowicza, na styku Uroczyska Lindego i terenu Starych Bielan, po\u0142o\u017cony jest M\u0142odzie\u017cowy Dom Kultury \u201eBielany\u201d. Dom s\u0142u\u017cy\u0142 biela\u0144skim rodzinom ju\u017c od pierwszych, powojennych lat, mamy wi\u0119c ponad 60. letni\u0105 tradycj\u0119, w kszta\u0142towaniu i rozwijaniu zainteresowa\u0144 dzieci i m\u0142odzie\u017cy. &nbsp;&nbsp; &nbsp;Edukujemy i wychowujemy m\u0142ode pokolenie, wykorzystuj\u0105c [&hellip;]<\/p>\n","protected":false},"author":1,"featured_media":0,"parent":0,"menu_order":0,"comment_status":"closed","ping_status":"closed","template":"","meta":{"footnotes":""},"class_list":["post-77","page","type-page","status-publish","hentry"],"_links":{"self":[{"href":"https:\/\/mdkbielany.pl\/index.php?rest_route=\/wp\/v2\/pages\/77","targetHints":{"allow":["GET"]}}],"collection":[{"href":"https:\/\/mdkbielany.pl\/index.php?rest_route=\/wp\/v2\/pages"}],"about":[{"href":"https:\/\/mdkbielany.pl\/index.php?rest_route=\/wp\/v2\/types\/page"}],"author":[{"embeddable":true,"href":"https:\/\/mdkbielany.pl\/index.php?rest_route=\/wp\/v2\/users\/1"}],"replies":[{"embeddable":true,"href":"https:\/\/mdkbielany.pl\/index.php?rest_route=%2Fwp%2Fv2%2Fcomments&post=77"}],"version-history":[{"count":2,"href":"https:\/\/mdkbielany.pl\/index.php?rest_route=\/wp\/v2\/pages\/77\/revisions"}],"predecessor-version":[{"id":821,"href":"https:\/\/mdkbielany.pl\/index.php?rest_route=\/wp\/v2\/pages\/77\/revisions\/821"}],"wp:attachment":[{"href":"https:\/\/mdkbielany.pl\/index.php?rest_route=%2Fwp%2Fv2%2Fmedia&parent=77"}],"curies":[{"name":"wp","href":"https:\/\/api.w.org\/{rel}","templated":true}]}}