{"id":824,"date":"2020-11-26T11:45:21","date_gmt":"2020-11-26T10:45:21","guid":{"rendered":"http:\/\/mdkbielany.pl\/?page_id=824"},"modified":"2024-06-07T17:10:43","modified_gmt":"2024-06-07T15:10:43","slug":"dokumenty-mdk-bielany","status":"publish","type":"page","link":"https:\/\/mdkbielany.pl\/?page_id=824","title":{"rendered":"DOKUMENTY MDK BIELANY"},"content":{"rendered":"\r\n<p><a href=\"https:\/\/mdkbielany.pl\/oswiadczenie_rodzica.pdf\">O\u015bwiadczenie rodzica\/opiekuna prawnego o stanie zdrowia dziecka (dokument w formacie pdf)<\/a><\/p>\r\n\r\n\r\n\r\n<p><a href=\"https:\/\/mdkbielany.pl\/statut.pdf\">Statut M\u0142odzie\u017cowego Domu Kultury \u201eBielany\u201d w Warszawie (dokument w formacie pdf)<\/a><\/p>\r\n\r\n\r\n\r\n<p><a href=\"https:\/\/mdkbielany.pl\/regulamin_wychowanka.pdf\">Regulamin Wychowanka (dokument w formacie pdf)<\/a><\/p>\r\n<p><a href=\"https:\/\/mdkbielany.pl\/regulamin_wychowanka.pdf\">Regulamin Rady Rodzic\u00f3w (dokument w formacie pdf)<\/a><\/p>\r\n\r\n\r\n\r\n<p><a href=\"https:\/\/mdkbielany.pl\/rodo.pdf\">RODO w MDK Bielany (dokument w formacie pdf)<\/a><\/p>\r\n\r\n\r\n\r\n<p><a href=\"http:\/\/mdkbielany.pl\/?page_id=206\" data-type=\"URL\" data-id=\"http:\/\/mdkbielany.pl\/?page_id=206\">BIP \u2013 Biuletyn Informacji Publicznej MDK &#8220;Bielany&#8221;<\/a><\/p>\r\n\r\n\r\n\r\n<p><a href=\"http:\/\/mdkbielany.pl\/?page_id=249\" data-type=\"page\" data-id=\"249\">Deklaracja dost\u0119pno\u015bci<\/a><\/p>\r\n\r\n\r\n\r\n<p><a href=\"https:\/\/mdkbielany.pl\/?page_id=269\">Zarz\u0105dzenie nr 7\/2021 Dyrektora M\u0142odzie\u017cowego Domu Kultury \u201eBielany\u201d w Warszawie z dnia 01.09.2021 r. W sprawie wprowadzenia \u201eZasad funkcjonowania M\u0142odzie\u017cowego Domu Kultury \u201eBielany\u201d w Warszawie w okresie og\u0142oszonego stanu epidemii w zwi\u0105zku z zagro\u017ceniem zaka\u017cenia koronawirusem SARS-CoV-19\u201d<\/a><\/p>\r\n<p><a href=\"https:\/\/mdkbielany.pl\/zarzadzenie6_2024.pdf\">Zarz\u0105dzenie nr 6\/2024 Dyrektora MDK \u201cBielany\u201d w sprawie zasad post\u0119powania rekrutacyjnego (dokument w formacie pdf)<\/a><\/p>\r\n<p><a href=\"https:\/\/mdkbielany.pl\/zarzadzenie7_2024.pdf\">Zarz\u0105dzenie nr 7\/2024 Dyrektora MDK \u201cBielany\u201d w sprawie powo\u0142ania komisji rekrutacyjnej (dokument w formacie pdf)<\/a><\/p>\r\n\r\n\r\n\r\n<p><a href=\"https:\/\/mdkbielany.pl\/zalecenia.pdf\">Zalecenia dotycz\u0105ce bezpiecze\u0144stwa i ochrony dzieci przed przemoc\u0105 (dokument w formacie pdf)<\/a><\/p>\r\n<p>&nbsp;<\/p>\r\n\r\n\r\n\r\n<p>&nbsp;<\/p>\r\n","protected":false},"excerpt":{"rendered":"<p>O\u015bwiadczenie rodzica\/opiekuna prawnego o stanie zdrowia dziecka (dokument w formacie pdf) Statut M\u0142odzie\u017cowego Domu Kultury \u201eBielany\u201d w Warszawie (dokument w formacie pdf) Regulamin Wychowanka (dokument w formacie pdf) Regulamin Rady Rodzic\u00f3w (dokument w formacie pdf) RODO w MDK Bielany (dokument w formacie pdf) BIP \u2013 Biuletyn Informacji Publicznej MDK &#8220;Bielany&#8221; Deklaracja dost\u0119pno\u015bci Zarz\u0105dzenie nr 7\/2021 [&hellip;]<\/p>\n","protected":false},"author":1,"featured_media":0,"parent":0,"menu_order":0,"comment_status":"closed","ping_status":"closed","template":"","meta":{"footnotes":""},"class_list":["post-824","page","type-page","status-publish","hentry"],"_links":{"self":[{"href":"https:\/\/mdkbielany.pl\/index.php?rest_route=\/wp\/v2\/pages\/824","targetHints":{"allow":["GET"]}}],"collection":[{"href":"https:\/\/mdkbielany.pl\/index.php?rest_route=\/wp\/v2\/pages"}],"about":[{"href":"https:\/\/mdkbielany.pl\/index.php?rest_route=\/wp\/v2\/types\/page"}],"author":[{"embeddable":true,"href":"https:\/\/mdkbielany.pl\/index.php?rest_route=\/wp\/v2\/users\/1"}],"replies":[{"embeddable":true,"href":"https:\/\/mdkbielany.pl\/index.php?rest_route=%2Fwp%2Fv2%2Fcomments&post=824"}],"version-history":[{"count":15,"href":"https:\/\/mdkbielany.pl\/index.php?rest_route=\/wp\/v2\/pages\/824\/revisions"}],"predecessor-version":[{"id":2927,"href":"https:\/\/mdkbielany.pl\/index.php?rest_route=\/wp\/v2\/pages\/824\/revisions\/2927"}],"wp:attachment":[{"href":"https:\/\/mdkbielany.pl\/index.php?rest_route=%2Fwp%2Fv2%2Fmedia&parent=824"}],"curies":[{"name":"wp","href":"https:\/\/api.w.org\/{rel}","templated":true}]}}